{"id":2,"date":"2010-03-22T10:17:29","date_gmt":"2010-03-22T08:17:29","guid":{"rendered":"http:\/\/www.mcuv.de\/wordpress\/?page_id=2"},"modified":"2019-09-20T09:44:48","modified_gmt":"2019-09-20T07:44:48","slug":"eine-seite","status":"publish","type":"page","link":"https:\/\/jennyundmarcel.de\/?page_id=2","title":{"rendered":"\u00dcber uns"},"content":{"rendered":"<p style=\"text-align: justify;\"><a href=\"https:\/\/jennyundmarcel.de\/wp-content\/uploads\/2010\/03\/JennyUndMarcel200px.jpg\"><img loading=\"lazy\" decoding=\"async\" class=\"alignleft size-full wp-image-45\" style=\"border: 10px solid white;\" title=\"Jenny und Marcel\" src=\"https:\/\/jennyundmarcel.de\/wp-content\/uploads\/2010\/03\/JennyUndMarcel200px.jpg\" alt=\"Jenny &amp; Marcel\" width=\"234\" height=\"200\"><\/a>Wir sind zwei, aus unserer Sicht, junge Leute (30 &amp; 32 &#8211; Stand M\u00e4rz 2010), die sich vorgenommen haben, Ihren Traum vom Eigenheim zu realisieren. Wir hei\u00dfen Jenny und Marcel und haben vor, unserer Gedanken, Ideen, positive, wie auch (hoffentlich m\u00f6glichst wenige) negative Erfahrungen und T\u00e4tigkeiten in diesem Tagebuch bzw. Blog f\u00fcr Interessenten digital festzuhalten. Au\u00dferdem sind es f\u00fcr uns auch die ersten &#8222;Gehversuche&#8220; mit einem Blog bzw. mit WordPress.&nbsp;<\/p>\n<p style=\"text-align: justify;\">Solltet Ihr uns kontaktieren wollen, nutzt doch bitte einfach das Kontaktformular auf der &#8222;Kontakt&#8220; Seite.<\/p>\n","protected":false},"excerpt":{"rendered":"<p>Wir sind zwei, aus unserer Sicht, junge Leute (30 &amp; 32 &#8211; Stand M\u00e4rz 2010), die sich vorgenommen haben, Ihren Traum vom Eigenheim zu realisieren. Wir hei\u00dfen Jenny und Marcel und haben vor, unserer Gedanken, Ideen, positive, wie auch (hoffentlich m\u00f6glichst wenige) negative Erfahrungen und T\u00e4tigkeiten in diesem Tagebuch bzw. Blog f\u00fcr Interessenten digital festzuhalten. [&hellip;]<\/p>\n","protected":false},"author":1,"featured_media":0,"parent":0,"menu_order":40,"comment_status":"closed","ping_status":"closed","template":"","meta":{"ngg_post_thumbnail":0,"footnotes":""},"class_list":["post-2","page","type-page","status-publish","hentry"],"jetpack_sharing_enabled":true,"jetpack_shortlink":"https:\/\/wp.me\/PRK4T-2","_links":{"self":[{"href":"https:\/\/jennyundmarcel.de\/index.php?rest_route=\/wp\/v2\/pages\/2","targetHints":{"allow":["GET"]}}],"collection":[{"href":"https:\/\/jennyundmarcel.de\/index.php?rest_route=\/wp\/v2\/pages"}],"about":[{"href":"https:\/\/jennyundmarcel.de\/index.php?rest_route=\/wp\/v2\/types\/page"}],"author":[{"embeddable":true,"href":"https:\/\/jennyundmarcel.de\/index.php?rest_route=\/wp\/v2\/users\/1"}],"replies":[{"embeddable":true,"href":"https:\/\/jennyundmarcel.de\/index.php?rest_route=%2Fwp%2Fv2%2Fcomments&post=2"}],"version-history":[{"count":13,"href":"https:\/\/jennyundmarcel.de\/index.php?rest_route=\/wp\/v2\/pages\/2\/revisions"}],"predecessor-version":[{"id":3264,"href":"https:\/\/jennyundmarcel.de\/index.php?rest_route=\/wp\/v2\/pages\/2\/revisions\/3264"}],"wp:attachment":[{"href":"https:\/\/jennyundmarcel.de\/index.php?rest_route=%2Fwp%2Fv2%2Fmedia&parent=2"}],"curies":[{"name":"wp","href":"https:\/\/api.w.org\/{rel}","templated":true}]}}