{"id":212,"date":"2010-04-05T17:53:50","date_gmt":"2010-04-05T15:53:50","guid":{"rendered":"http:\/\/www.jennyundmarcel.de\/wordpress\/?page_id=212"},"modified":"2019-09-20T09:44:59","modified_gmt":"2019-09-20T07:44:59","slug":"glossar","status":"publish","type":"page","link":"https:\/\/jennyundmarcel.de\/?page_id=212","title":{"rendered":"Glossar"},"content":{"rendered":"<p>Manche werden sich nun est einmal die Frage stellen, was \u00fcberhaupt ein &#8222;Glossar&#8220; ist. Also unter dem Begriff Glossar versteht man eine Liste von W\u00f6rtern\u00a0 mit entsprechenden detaillierten zugeh\u00f6rigen Erkl\u00e4rungen &#8211; also mehr oder weniger ein W\u00f6rterbuch. Hier werde ich in Zukunft Fachbegriffe alphabetisch auflisten und erl\u00e4utern. Diese Liste erhebt nat\u00fcrlich keine Gew\u00e4hr auf Vollst\u00e4ndig- und\/oder Richtigkeit.<\/p>\n<ul>\n<li><strong><span style=\"color: #0000ff;\">Baugrundgutachten<\/span><\/strong> &#8211; Baugrundgutachten werden auf Grundlage der DIN 4020 Ausgabe 2003-09 &#8211; Geotechnische Untersuchungen f\u00fcr bautechnische Zwecke erstellt. Ein solches Gutachten enth\u00e4lt im wesentlichen Aussagen \u00fcber die Bodenpressungen, Bodenkennwerte, Gr\u00fcndungsm\u00f6glichkeiten und den zu erwartenden Bemessungsgrundwasserstand. Weiterhin gibt ein solches Gutachten Auskunft \u00fcber die zu treffenden Abdichtungsma\u00dfnahmen nach DIN 18195 Teil 1-6 Ausgabe 2000-08 Bauwerksabdichtungen.<\/li>\n<li><span style=\"color: #0000ff;\"><strong>Bodengutachten<\/strong><\/span> &#8211; Ein Bodengutachten wird ben\u00f6tigt, um Auskunft \u00fcber die Beschaffenheit eines Bodens zu erhalten. Beim Hausbau ben\u00f6tigt der Statiker genaue Aussagen \u00fcber die Tragf\u00e4higkeit des Bodens, um die Gr\u00fcndung des Geb\u00e4udes zu berechnen. Solche Gutachten nennt man Baugrundgutachten. Ein Bodengutachten kann auch f\u00fcr die Beurteilung eventuell vorhandener Altlasten\u00a0 notwendig werden.<\/li>\n<li><span style=\"color: #0000ff;\"><strong>Bodenrichtwert<\/strong><\/span> &#8211; Der Bodenrichtwert ist im deutschen St\u00e4dtebaurecht ein durchschnittlicher Lagewert, ermittelt aus den Kaufpreisen\u00a0 von Grundst\u00fccken unter Ber\u00fccksichtigung ihres Entwicklungszustandes. Der Bodenrichtwert f\u00fcr Bauland wird, abh\u00e4ngig von den Rechtsvorschriften in den einzelnen Bundesl\u00e4ndern, mindestens alle zwei Jahre zu einem festen Stichtag (in der Regel zum 31. Dezember bzw. 1. Januar) ermittelt. Er ist sehr bedeutsam f\u00fcr die Besteuerung von Grund und Boden in Deutschland.<\/li>\n<li><strong><span style=\"color: #0000ff;\">Drainage <\/span><\/strong>&#8211; Die Drainage (auch Dr\u00e4nage geschrieben, teils fachlich auch Dr\u00e4nung genannt) steht f\u00fcr das unterirdische Abf\u00fchren von Wasser (Oberfl\u00e4chenwasser) und wird meist mittels gelochter Rohre oder Schl\u00e4uche realisiert. Die Drainage dient z.B. der Trockenhaltung von Kellern.<\/li>\n<li><span style=\"color: #0000ff;\"><strong>Effektivzins<\/strong><\/span> &#8211; Der Effektivzins enth\u00e4lt neben dem Nominalzins die Bearbeitungs- und Vermittlungsgeb\u00fchren. Die Kreditinstitute sind gesetzlich dazu verpflichtet den  Effektivzins anzugeben. Er dient dem objektiven Vergleich der  Angebote. Trotzdem gibt  es Kosten, wie Kontof\u00fchrungsgeb\u00fchren, Teilauszahlungszuschl\u00e4ge und  Sch\u00e4tzungskosten, die nicht im Effektivzins enthalten sind.<\/li>\n<li><span style=\"color: #0000ff;\"><strong>Energieeinsparverordnung<\/strong> (<\/span><strong><span style=\"color: #0000ff;\">EnEV)<\/span> <\/strong>&#8211; Die Energieeinsparverordnung ist ein Teil des deutschen Baurechts. In ihr werden dem Bauherren  bautechnische Standardanforderungen zum effizienten Betriebsenergieverbrauch ihres  Geb\u00e4udes oder Bauprojektes vorgeschrieben. \u00dcbrigens, die EnEV 2009 trat zum 1. Oktober 2009 in Kraft.<\/li>\n<li><span style=\"color: #0000ff;\"><strong>Erdw\u00e4rme<\/strong><\/span> &#8211; siehe <span style=\"color: #0000ff;\"><em>Geothermie<\/em><\/span><\/li>\n<li><strong><span style=\"color: #0000ff;\">Feinabsteckung<\/span><\/strong> &#8211; Durch die Geb\u00e4udeabsteckung ist gew\u00e4hrleistet, dass das Bauwerk  entsprechend der Baugenehmigung errichtet wird. Nach Aushub der Baugrube, werden von dem Bauunternehmer Schnurger\u00fcste geschlagen. Auf  diese wird die genaue Lage der Aussenkanten des geplanten Geb\u00e4udes  \u00fcbertragen und mit N\u00e4geln gekennzeichnet. Dann werden zwischen den N\u00e4geln Schn\u00fcre gespannt, welche die Lage der Geb\u00e4udeseiten  anzeigen.<\/li>\n<li><span style=\"color: #0000ff;\"><strong>Geb\u00e4udeeinmessung<\/strong><\/span> &#8211; Die Geb\u00e4udeeinmessung dient dazu, den amtlichen Katasternachweis\u00a0aktuell  zu halten. Der Grundst\u00fcckeigent\u00fcmer, auf dem ein Geb\u00e4ude neu errichtet oder  im Grundri\u00df\u00a0ver\u00e4ndert wurde, ist gesetzlich verpflichtet, diese  \u00c4nderung\u00a0einmessen zu lassen (nach \u00a7 16 VermKatG NRW).<\/li>\n<li><span style=\"color: #0000ff;\"><strong>Geothermie<\/strong><\/span> &#8211; Die Geothermie oder Erdw\u00e4rme ist die im zug\u00e4nglichen Teil der Erdkruste\u00a0 gespeicherte W\u00e4rme. Sie umfasst die in der Erde gespeicherte Energie, soweit sie entzogen und genutzt werden kann, und z\u00e4hlt zu den regenerativen Energien. Sie kann direkt zum Heizen und K\u00fchlen (W\u00e4rmepumpenheizung) genutzt werden.<\/li>\n<li><strong><span style=\"color: #0000ff;\">Grobabsteckung<\/span><\/strong> &#8211; Die Grobabsteckung ist eine erg\u00e4nzende Absteckung zur Feinabsteckung. Sie  dient dazu, zun\u00e4chst die Tiefbauarbeiten mit der notwendigen  Genauigkeit durchzuf\u00fchren, um anschlie\u00dfend die Feinabsteckung f\u00fcr den  Hochbau in der Baugrube ausf\u00fchren zu k\u00f6nnen. Hierf\u00fcr wird  vor Beginn der Baut\u00e4tigkeit die Lage des geplanten Geb\u00e4udes z.B. mit  Holzpf\u00e4hlen markiert.<\/li>\n<li><span style=\"color: #0000ff;\"><strong>Grundbuch <\/strong><\/span>&#8211; Das Grundbuch ist ein amtliches \u00f6ffentliches Verzeichnis  von Grundst\u00fccken, in dem die Eigentumsverh\u00e4ltnisse sowie etwaige mit  dem Grundst\u00fcck verbundene Rechte und auf ihm liegende Lasten erfasst  werden. Nach \u00a7 3 GBO erh\u00e4lt jedes Grundst\u00fcck\u00a0 im Grundbuch ein sogenanntes Grundbuchblatt. Dieses ist f\u00fcr das Grundst\u00fcck als das Grundbuch im Sinne des B\u00fcrgerlichen Gesetzbuchs anzusehen. Es gelten die Grundbuchprinzipien.<\/li>\n<li><strong><span style=\"color: #0000ff;\">Grundst\u00fccksteilung<\/span><\/strong> &#8211; siehe <span style=\"color: #0000ff;\"><em>Parzellierung<\/em><\/span><\/li>\n<li><span style=\"color: #0000ff;\"><span style=\"color: #000000;\"><span style=\"color: #0000ff;\"><strong>Holzpellets<\/strong><\/span> &#8211; <\/span><\/span><span style=\"color: #0000ff;\"><span style=\"color: #000000;\">Holzpellets <\/span><\/span><span style=\"color: #0000ff;\"><span style=\"color: #000000;\">sind ein Brennstoff, der aus st\u00e4bchenf\u00f6rmigen Pellets besteht. Diese werden vollst\u00e4ndig oder \u00fcberwiegend aus Holz oder S\u00e4genebenprodukten hergestellt. Die Pelletierung bietet gegen\u00fcber anderen biogenen Festbrennstoffen verschiedene Vorteile, wie z. B. die automatisierte Nutzung als Brennstoff in speziellen Pelletheizungen. <\/span><\/span><\/li>\n<li><span style=\"color: #0000ff;\"><strong>KfW <\/strong><\/span>&#8211; Die KfW (Kreditanstalt f\u00fcr Wiederaufbau) f\u00f6rdert H\u00e4uslebauer mit einem Darlehen, welches \u00fcber einen niedrigen Zinssatz (z. Zt. unterhalb 4%) verf\u00fcgt. Weitere Informationen zum Thema KfW F\u00f6rderung findet man auf der <a href=\"http:\/\/www.kfw-foerderbank.de\/DE_Home\/BauenWohnen\/Privatpersonen\/index.jsp\" target=\"_blank\" rel=\"noopener noreferrer\">KfW-Webseite<\/a>. Die KfW F\u00f6rderbank bietet im Bereich Bauen, Wohnen, Energie sparen ein breites Spektrum an Programmen, die zur Finanzierung von Investitionen in Wohnimmobilien dienen.<\/li>\n<li><span style=\"color: #0000ff;\"><strong>Niedrigenergiehaus<\/strong><\/span> &#8211; Als Niedrigenergiehaus bezeichnet man einen Energiestandard f\u00fcr Neubauten, aber auch sanierte Altbauten, die gewisse geforderte energietechnische Anforderungsniveaus unterschreiten.<br \/>\n<strong> <\/strong><\/li>\n<li><strong><span style=\"color: #0000ff;\">Nominalzins<\/span> &#8211;<\/strong> Unter dem Nominalzins versteht man den Zins, den man j\u00e4hrlich auf das Darlehen zahlen muss. Die monatlich zu entrichtende Rate bestimmt sich aus der festgesetzten Tilgung und dem Nominalzins.<\/li>\n<li><strong><span style=\"color: #0000ff;\">Parzellierung<\/span><\/strong> &#8211; Eine Parzellierung (auch Grundst\u00fccksteilung genannt) ist die Aufteilung eines bestehenden Grundst\u00fcckes\u00a0 (nicht zu verwechseln mit Flurst\u00fcck) in mindestens zwei Teile.\u00a0 Aufgrund bestimmter Rechtsfolgen, die hieraus resultieren (z. B. Grunderwerbsteuer, Grundsteuer, Eigentumsrechte), ist die Teilung in einem Ver\u00e4nderungsnachweis zu dokumentieren. Au\u00dferdem ist der Grundst\u00fccks- bzw. Liegenschaftskataster und das Grundbuch nachzuf\u00fchren.<\/li>\n<li><strong><span style=\"color: #0000ff;\">Pellets <\/span><\/strong>&#8211; siehe <em><span style=\"color: #0000ff;\">Holzpellets<\/span><\/em><\/li>\n<li><strong><span style=\"color: #0000ff;\">Rammkernbohrung<\/span><\/strong> &#8211; Die Rammkernbohrung (RKB) bzw.\u00a0 auch Rammkernsondierung (RKS) genannt ist eine Methode zu Baugrunderkundung. Dabei wird mit Hilfe eines hydraulisch betriebenen Rammgewichtes eine Rammkernsonde (Schappe) in den Untergrund getrieben. Durch eine \u00d6ffnung an der Spitze gelangt das Bodenmaterial in die Sonde. Mit einem hydraulischen Ziehger\u00e4t wird die Sonde wieder herausgezogen.<\/li>\n<li><strong><span style=\"color: #0000ff;\">Rigole <\/span><\/strong>&#8211; Unter einer Rigole versteht man mit Kies oder Kunststoff-Quader ausgef\u00fcllte Gr\u00e4ben, in die das Oberfl\u00e4chenwasser (Regenwasser) eingeleitet und abgef\u00fchrt wird. Die Einleitung kann oberirdisch oder unterirdisch erfolgen.<\/li>\n<li><span style=\"color: #0000ff;\"><strong>Schufa<\/strong><\/span> &#8211; Die Abk\u00fcrzung Schufa steht f\u00fcr die &#8222;Schutzgemeinschaft f\u00fcr Absatzfinanzierung&#8220; und ist ein privatwirtschaftlich organisiertes deutsches\u00a0 Kreditb\u00fcro, das von der kreditgebenden Wirtschaft getragen wird. Die Schufa tr\u00e4gt zum Schutz der Verbraucher vor \u00dcberschuldung bei. Die Schufa speichert u.a. alle Kredit- und Leasingvertr\u00e4ge mit Betrag und Laufzeit, die Er\u00f6ffnung eines Girokontos, die ausgegebene Kreditkarten, das Einrichtung eines Telekommunikationskontos und Kundenkonten des (Versand-)Handels, Forderungen nach gerichtlicher Entscheidung und deren Erledigung und Forderungen, die f\u00e4llig, ausreichend gemahnt und nicht bestritten sind.<\/li>\n<li><strong><span style=\"color: #0000ff;\">Schwarze Wanne<\/span><\/strong> &#8211; Als Schwarze Wanne wird die aus Bitumendickbeschichtung oder Kunststoffbahnen\u00a0 hergestellte, im Boden befindliche Abdichtung eines Bauwerkes\u00a0 bezeichnet. Diese Abdichtung befindet sich in der Regel auf der Au\u00dfenseite des Geb\u00e4udes.<\/li>\n<li><strong><span style=\"color: #0000ff;\">Schwingtor<\/span><\/strong> &#8211; Das Schwingtor ist die bekannteste und auch h\u00e4ufigste Garagentorart. Hierbei schwingt die Unterkante des Tores aus, wobei sich die Toroberkante sich im Wesentlichen nur in einer Ebene bewegt.<\/li>\n<li><strong><span style=\"color: #0000ff;\">Sektionaltor <\/span><\/strong>&#8211; Ein Sektionaltor dient dem Verschlie\u00dfen von Garagen. Das  Torblatt ist in mehrere Sektionen waagerecht unterteilt. Diese Sektionen  sind durch Gelenke wie eine Kette aneinandergef\u00fcgt und haben seitlich  Laufrollen, die in Schienen gef\u00fchrt werden. So gelangt das Tor nach dem  \u00d6ffnen in eine waagerechte Position oberhalb des Torsturzes. Die  Sektionen k\u00f6nnen lichtdurchl\u00e4ssige Elemente haben.<\/li>\n<li><strong><span style=\"color: #0000ff;\">Vermesser <\/span><\/strong>&#8211; Ein Vermesser f\u00fchrt u.a. die sogenannte Ingenieurvermessung durch. Diese bezeichnet man als das Teilgebiet der Vermessung,  das f\u00fcr das Bauen komplexer Bauwerke wie Geb\u00e4ude, Stra\u00dfen, Br\u00fccken und Tunnerl  ben\u00f6tigt wird. Aufgaben sind unter anderem Ma\u00dfermittlungen, Abstecken  von Bauachsen und -h\u00f6hen, Setzungsmessungen w\u00e4hrend der Bauma\u00dfnahmen und  baubegleitende Kontrollmessungen.<\/li>\n<li><strong><span style=\"color: #0000ff;\">W\u00e4rmetauscher<\/span><\/strong> &#8211; Der W\u00e4rmetauscher, auch W\u00e4rme\u00fcbertrager genannt, ist ein Apparat, der thermische Energie  von einem Stoffstrom auf einen anderen \u00fcbertr\u00e4gt. Der W\u00e4rmetauscher ist ein Bestandteil moderner  Heizungs\u00adtechnik. Er macht es m\u00f6glich, dass Energie, die z.B. in  Gasen steckt und ungenutzt als Abw\u00e4rme verloren geht, wiederverwendet  werden kann. W\u00e4rmetauscher kommen zum Beispiel im Hausgebrauch vor, um Brauchwasser  oder Wasser f\u00fcr Heizungen zu erw\u00e4rmen.<\/li>\n<li><span style=\"color: #0000ff;\"><strong>Wei\u00dfe Wanne<\/strong><\/span> &#8211; Die Wei\u00dfe Wanne ist ein Begriff aus dem Bauwesen\u00a0 f\u00fcr ein Bauwerk, das wasserundurchl\u00e4ssig ist. Die Au\u00dfenw\u00e4nde und Bodenplatte\u00a0 werden dabeiu.a. mit wasserundurchl\u00e4ssigem Beton hergestellt, wodurch keine zus\u00e4tzliche Abdichtungsschicht und auch u. U. keine Drainagen ben\u00f6tigt werden.<\/li>\n<\/ul>\n<h6><em>Quellen: Wikipedia<\/em><\/h6>\n<div id=\"_mcePaste\" style=\"position: absolute; left: -10000px; top: 14px; width: 1px; height: 1px; overflow: hidden;\">Baugrundgutachten werden auf Grundlage der <em>DIN 4020 Ausgabe 2003-09 &#8211;  Geotechnische Untersuchungen f\u00fcr bautechnische Zwecke<\/em> erstellt. Ein  solches Gutachten enth\u00e4lt im wesentlichen Aussagen \u00fcber die <a class=\"new\" title=\"Bodenpressung (Seite nicht vorhanden)\" href=\"http:\/\/de.wikipedia.org\/w\/index.php?title=Bodenpressung&amp;action=edit&amp;redlink=1\">Bodenpressungen<\/a>,  Bodenkennwerte, Gr\u00fcndungsm\u00f6glichkeiten und den zu erwartenden  Bemessungs<a title=\"Grundwasser\" href=\"http:\/\/de.wikipedia.org\/wiki\/Grundwasser\">grundwasserstand<\/a>. Weiterhin gibt ein solches  Gutachten Auskunft \u00fcber die zu treffenden Abdichtungsma\u00dfnahmen nach <em>DIN  18195 Teil 1-6 Ausgabe 2000-08 <a title=\"Bauwerksabdichtung\" href=\"http:\/\/de.wikipedia.org\/wiki\/Bauwerksabdichtung\">Bauwerksabdichtungen<\/a><\/em>.<\/div>\n","protected":false},"excerpt":{"rendered":"<p>Manche werden sich nun est einmal die Frage stellen, was \u00fcberhaupt ein &#8222;Glossar&#8220; ist. Also unter dem Begriff Glossar versteht man eine Liste von W\u00f6rtern\u00a0 mit entsprechenden detaillierten zugeh\u00f6rigen Erkl\u00e4rungen &#8211; also mehr oder weniger ein W\u00f6rterbuch. Hier werde ich in Zukunft Fachbegriffe alphabetisch auflisten und erl\u00e4utern. Diese Liste erhebt nat\u00fcrlich keine Gew\u00e4hr auf Vollst\u00e4ndig- [&hellip;]<\/p>\n","protected":false},"author":1,"featured_media":0,"parent":0,"menu_order":50,"comment_status":"open","ping_status":"closed","template":"","meta":{"ngg_post_thumbnail":0,"jetpack_post_was_ever_published":false,"footnotes":""},"class_list":["post-212","page","type-page","status-publish","hentry"],"jetpack_sharing_enabled":true,"jetpack_shortlink":"https:\/\/wp.me\/PRK4T-3q","_links":{"self":[{"href":"https:\/\/jennyundmarcel.de\/index.php?rest_route=\/wp\/v2\/pages\/212","targetHints":{"allow":["GET"]}}],"collection":[{"href":"https:\/\/jennyundmarcel.de\/index.php?rest_route=\/wp\/v2\/pages"}],"about":[{"href":"https:\/\/jennyundmarcel.de\/index.php?rest_route=\/wp\/v2\/types\/page"}],"author":[{"embeddable":true,"href":"https:\/\/jennyundmarcel.de\/index.php?rest_route=\/wp\/v2\/users\/1"}],"replies":[{"embeddable":true,"href":"https:\/\/jennyundmarcel.de\/index.php?rest_route=%2Fwp%2Fv2%2Fcomments&post=212"}],"version-history":[{"count":29,"href":"https:\/\/jennyundmarcel.de\/index.php?rest_route=\/wp\/v2\/pages\/212\/revisions"}],"predecessor-version":[{"id":3270,"href":"https:\/\/jennyundmarcel.de\/index.php?rest_route=\/wp\/v2\/pages\/212\/revisions\/3270"}],"wp:attachment":[{"href":"https:\/\/jennyundmarcel.de\/index.php?rest_route=%2Fwp%2Fv2%2Fmedia&parent=212"}],"curies":[{"name":"wp","href":"https:\/\/api.w.org\/{rel}","templated":true}]}}