{"id":3273,"date":"2019-09-20T10:00:42","date_gmt":"2019-09-20T08:00:42","guid":{"rendered":"https:\/\/www.jennyundmarcel.de\/?page_id=3273"},"modified":"2019-09-26T16:29:45","modified_gmt":"2019-09-26T14:29:45","slug":"datenschutzerklaerung","status":"publish","type":"page","link":"https:\/\/jennyundmarcel.de\/?page_id=3273","title":{"rendered":"Datenschutzerkl\u00e4rung"},"content":{"rendered":"<h6><strong>Anbieter und verantwortliche Stelle im Sinne des Datenschutzgesetzes<\/strong><\/h6>\n<p><span id=\"s3-t-firma\">Marcel Cuvelier <\/span><br \/>\n<span id=\"s3-t-strasse\">Hausener Str. 14<\/span><br \/>\n<span id=\"s3-t-plz\">52249<\/span> <span id=\"s3-t-ort\">Eschweiler<\/span><\/p>\n<h6><strong>Geltungsbereich<\/strong><\/h6>\n<p>Nutzer erhalten mit dieser Datenschutzerkl\u00e4rung Information \u00fcber die Art, den Umfang und Zweck der Erhebung und Verwendung ihrer Daten durch den verantwortlichen Anbieter erhoben und verwendet werden.<\/p>\n<p>Den rechtlichen Rahmen f\u00fcr den Datenschutz bilden das Bundesdatenschutzgesetz (BDSG) und das Telemediengesetz (TMG).<\/p>\n<h6><strong>Erfassung allgemeiner Informationen<\/strong><\/h6>\n<p>Mit jedem Zugriff auf dieses Angebot werden durch uns bzw. den Webspace-Provider automatisch Informationen erfasst. Diese Informationen, auch als Server-Logfiles bezeichnet, sind allgemeiner Natur und erlauben keine R\u00fcckschl\u00fcsse auf Ihre Person.<\/p>\n<p>Erfasst werden unter anderem: Name der Webseite, Datei, Datum, Datenmenge, Webbrowser und Webbrowser-Version, Betriebssystem, der Domainname Ihres Internet-Providers, die sogenannte Referrer-URL (jene Seite, von der aus Sie auf unser Angebot zugegriffen haben) und die IP-Adresse.<\/p>\n<p>Ohne diese Daten w\u00e4re es technisch teils nicht m\u00f6glich, die Inhalte der Webseite auszuliefern und darzustellen. Insofern ist die Erfassung der Daten zwingend notwendig. Dar\u00fcber hinaus verwenden wir die anonymen Informationen f\u00fcr statistische Zwecke. Sie helfen uns bei der Optimierung des Angebots und der Technik. Wir behalten uns zudem das Recht vor, die Log-Files bei Verdacht auf eine rechtswidrige Nutzung unseres Angebotes nachtr\u00e4glich zu kontrollieren.<\/p>\n<h6><strong>Erbringung kostenpflichtiger Leistungen<\/strong><\/h6>\n<p>Damit wir kostenpflichtige Leistungen erbringen k\u00f6nnen, fragen wir zus\u00e4tzliche Daten ab. Das gilt zum Beispiel f\u00fcr die Angaben zur Zahlung.<\/p>\n<p>Damit die Sicherheit Ihrer Daten w\u00e4hrend der \u00dcbertragung gew\u00e4hrleistet ist, arbeiten wir mit Verschl\u00fcsselungsverfahren (etwa SSL) \u00fcber HTTPS, die den aktuellen Stand der Technik widerspiegeln.<\/p>\n<h6><strong>Kommentarfunktion<\/strong><\/h6>\n<p>Werden Kommentare oder sonstige Beitr\u00e4ge auf unserem Angebot verfasst und ver\u00f6ffentlicht, speichern wir die IP-Adresse, den Nutzernamen und den Zeitpunkt der Erstellung. Diese Daten werden aus Sicherheitsgr\u00fcnden erhoben, da der Anbieter f\u00fcr rechtswidrige Inhalte (verbotene Propaganda, Beleidigungen u.a.) belangt werden kann, auch wenn sie von dritter Seite erstellt wurden. In einem solchen Fall dienen die Informationen dazu, die Identit\u00e4t des Verfassers zu ermitteln.<\/p>\n<h6><strong>Kommentarabonnement<\/strong><\/h6>\n<p>Wenn Nutzer dieses Angebots Nachfolgekommentare abonnieren, erhalten sie eine Best\u00e4tigungsmail. Mit dieser E-Mail stellen wir sicher, dass der Nutzer auch tats\u00e4chlich Inhaber der genannten E-Mail-Adresse ist. Sie haben jederzeit die M\u00f6glichkeit, das Kommentarabonnement zu beenden. Hinweise dazu erhalten Sie zusammen mit der Best\u00e4tigungsmail.<\/p>\n<h6><strong>Kontaktformular<\/strong><\/h6>\n<p>Wenn Sie uns \u00fcber das Onlineformular oder per E-Mail kontaktieren, speichern wir die von Ihnen gemachten Angaben, um Ihre Anfrage beantworten und m\u00f6gliche Anschlussfragen stellen zu k\u00f6nnen.<\/p>\n<h6><strong>Einbindung von Diensten und Inhalten Dritter<\/strong><\/h6>\n<p>Unser Angebot umfasst mitunter Inhalte, Dienste und Leistungen anderer Anbieter. Das sind zum Beispiel Karten, die von Google-Maps zur Verf\u00fcgung gestellt werden, Videos von YouTube sowie Grafiken und Bilder anderer Webseiten. Damit diese Daten im Browser des Nutzers aufgerufen und dargestellt werden k\u00f6nnen, ist die \u00dcbermittlung der IP-Adresse zwingend notwendig. Die Anbieter (im Folgenden als \u201eDritt-Anbieter\u201c bezeichnet) nehmen also die IP-Adresse des jeweiligen Nutzers wahr.<\/p>\n<p>Auch wenn wir bem\u00fcht sind, ausschlie\u00dflich Dritt-Anbieter zu nutzen, welche die IP-Adresse nur ben\u00f6tigen, um Inhalte ausliefern zu k\u00f6nnen, haben wir keinen Einfluss darauf, ob die IP-Adresse m\u00f6glicherweise gespeichert wird. Dieser Vorgang dient in dem Fall unter anderem statistischen Zwecken. Sofern wir Kenntnis davon haben, dass die IP-Adresse gespeichert wird, weisen wir unsere Nutzer darauf hin.<\/p>\n<h6><strong>Cookies<\/strong><\/h6>\n<p>Diese Webseite verwendet sogenannte Cookies. Das sind Textdateien, die vom Server aus auf Ihrem Rechner gespeichert werden. Sie enthalten Informationen zum Browser, zur IP-Adresse, dem Betriebssystem und zur Internetverbindung. Diese Daten werden von uns nicht an Dritte weitergegeben oder ohne ihre Zustimmung mit personenbezogenen Daten verkn\u00fcpft.<\/p>\n<p>Cookies erf\u00fcllen vor allem zwei Aufgaben. Sie helfen uns, Ihnen die Navigation durch unser Angebot zu erleichtern, und erm\u00f6glichen die korrekte Darstellung der Webseite. Sie werden nicht dazu genutzt, Viren einzuschleusen oder Programme zu starten.<\/p>\n<p>Nutzer haben die M\u00f6glichkeit, unser Angebot auch ohne Cookies aufzurufen. Dazu m\u00fcssen im Browser die entsprechenden Einstellungen ge\u00e4ndert werden. Informieren Sie sich bitte \u00fcber die Hilfsfunktion Ihres Browsers, wie Cookies deaktiviert werden. Wir weisen allerdings darauf hin, dass dadurch einige Funktionen dieser Webseite m\u00f6glicherweise beeintr\u00e4chtigt werden und der Nutzungskomfort eingeschr\u00e4nkt wird. Die Seiten <a href=\"http:\/\/www.aboutads.info\/choices\/\">http:\/\/www.aboutads.info\/choices\/<\/a> (USA) und <a href=\"http:\/\/www.youronlinechoices.com\/uk\/your-ad-choices\/\">http:\/\/www.youronlinechoices.com\/uk\/your-ad-choices\/<\/a> (Europa) erlauben es Ihnen, Online-Anzeigen-Cookies zu verwalten.<\/p>\n<h6>AntispamBee<\/h6>\n<p>Zur Ermittlung des geografischen Standortes sendet Antispam Bee die anonymisierte, also gek\u00fcrzte IP-Adresse des Kommentators an die API des Online-Dienstes&nbsp;<a href=\"https:\/\/ip2country.info\/\" rel=\"nofollow\">IP2Country<\/a>. Anderweitige Daten des Kommentators oder des verwendeten WordPress-Systems sind kein Bestandteil der \u00dcbertragung. Die Einstellung ist optional und im Auslieferungszustand nicht aktiv. HTTPS-Verbindung.&nbsp;<\/p>\n<p>Zur Ermittlung der Sprache wird&nbsp;<a href=\"https:\/\/github.com\/wooorm\/franc\">franc<\/a>&nbsp;genutzt. Dabei \u00fcbertr\u00e4gt Antispam Bee den Kommentartext an den Online-Dienst \u00fcber eine HTTPS-Verbindung. Anderweitige Daten des Kommentators oder des verwendeten WordPress-Systems sind kein Bestandteil der \u00dcbertragung. Die Einstellung ist optional und im Auslieferungszustand nicht aktiv.&nbsp;<\/p>\n<h6><strong>Datensparsamkeit<\/strong><\/h6>\n<p>Personenbezogene Daten speichern wir gem\u00e4\u00df den Grunds\u00e4tzen der Datenvermeidung und Datensparsamkeit nur so lange, wie es erforderlich ist oder vom Gesetzgeber her vorgeschrieben wird (gesetzliche Speicherfrist). Entf\u00e4llt der Zweck der erhobenen Informationen oder endet die Speicherfrist, sperren oder l\u00f6schen wir die Daten.<\/p>\n<h6><strong>Ihre Rechte auf Auskunft, Berichtigung, Sperre, L\u00f6schung und Widerspruch<\/strong><\/h6>\n<p>Sie haben das Recht, auf Antrag unentgeltlich eine Auskunft, \u00fcber die bei uns gespeicherten personenbezogenen Daten, anzufordern und\/oder eine Berichtigung, Sperrung oder L\u00f6schung zu verlangen. Ausnahmen: Es handelt sich um die vorgeschriebene Datenspeicherung zur Gesch\u00e4ftsabwicklung oder die Daten unterliegen der gesetzlichen Aufbewahrungspflicht.<\/p>\n<p>F\u00fcr diese Zwecke kontaktieren Sie bitte unseren Datenschutzbeauftragen (Kontaktdaten: am Ende der Datenschutzerkl\u00e4rung).<\/p>\n<p>Um eine Datensperre jederzeit ber\u00fccksichtigen zu k\u00f6nnen, ist es erforderlich, die Daten f\u00fcr Kontrollzwecke in einer Sperrdatei vorzuhalten. Besteht keine gesetzliche Archivierungspflicht, k\u00f6nnen Sie auch die L\u00f6schung der Daten verlangen. Anderenfalls sperren wir die Daten, sofern Sie dies w\u00fcnschen.<\/p>\n<h6><strong>\u00c4nderung unserer Datenschutzerkl\u00e4rung<\/strong><\/h6>\n<p>Um zu gew\u00e4hrleisten, dass unsere Datenschutzerkl\u00e4rung stets den aktuellen gesetzlichen Vorgaben entspricht, behalten wir uns jederzeit \u00c4nderungen vor. Das gilt auch f\u00fcr den Fall, dass die Datenschutzerkl\u00e4rung aufgrund neuer oder \u00fcberarbeiteter Leistungen, zum Beispiel neuer Serviceleistungen, angepasst werden muss. Die neue Datenschutzerkl\u00e4rung greift dann bei Ihrem n\u00e4chsten Besuch auf unserem Angebot.<\/p>\n<h6>Quellen:<\/h6>\n<ul>\n<li>Datenschutz-Konfigurator von <a href=\"http:\/\/www.mein-datenschutzbeauftragter.de\" target=\"_blank\" rel=\"noopener noreferrer\">mein-datenschutzbeauftragter.de<\/a><\/li>\n<li>Datenschutzgesetz.de<\/li>\n<\/ul>\n","protected":false},"excerpt":{"rendered":"<p>Anbieter und verantwortliche Stelle im Sinne des Datenschutzgesetzes Marcel Cuvelier Hausener Str. 14 52249 Eschweiler Geltungsbereich Nutzer erhalten mit dieser Datenschutzerkl\u00e4rung Information \u00fcber die Art, den Umfang und Zweck der Erhebung und Verwendung ihrer Daten durch den verantwortlichen Anbieter erhoben und verwendet werden. Den rechtlichen Rahmen f\u00fcr den Datenschutz bilden das Bundesdatenschutzgesetz (BDSG) und das [&hellip;]<\/p>\n","protected":false},"author":1,"featured_media":0,"parent":2,"menu_order":90,"comment_status":"closed","ping_status":"closed","template":"","meta":{"ngg_post_thumbnail":0,"jetpack_post_was_ever_published":false,"footnotes":""},"class_list":["post-3273","page","type-page","status-publish","hentry"],"jetpack_sharing_enabled":false,"jetpack_shortlink":"https:\/\/wp.me\/PRK4T-QN","_links":{"self":[{"href":"https:\/\/jennyundmarcel.de\/index.php?rest_route=\/wp\/v2\/pages\/3273","targetHints":{"allow":["GET"]}}],"collection":[{"href":"https:\/\/jennyundmarcel.de\/index.php?rest_route=\/wp\/v2\/pages"}],"about":[{"href":"https:\/\/jennyundmarcel.de\/index.php?rest_route=\/wp\/v2\/types\/page"}],"author":[{"embeddable":true,"href":"https:\/\/jennyundmarcel.de\/index.php?rest_route=\/wp\/v2\/users\/1"}],"replies":[{"embeddable":true,"href":"https:\/\/jennyundmarcel.de\/index.php?rest_route=%2Fwp%2Fv2%2Fcomments&post=3273"}],"version-history":[{"count":2,"href":"https:\/\/jennyundmarcel.de\/index.php?rest_route=\/wp\/v2\/pages\/3273\/revisions"}],"predecessor-version":[{"id":3275,"href":"https:\/\/jennyundmarcel.de\/index.php?rest_route=\/wp\/v2\/pages\/3273\/revisions\/3275"}],"up":[{"embeddable":true,"href":"https:\/\/jennyundmarcel.de\/index.php?rest_route=\/wp\/v2\/pages\/2"}],"wp:attachment":[{"href":"https:\/\/jennyundmarcel.de\/index.php?rest_route=%2Fwp%2Fv2%2Fmedia&parent=3273"}],"curies":[{"name":"wp","href":"https:\/\/api.w.org\/{rel}","templated":true}]}}