{"id":584,"date":"2010-07-03T18:47:03","date_gmt":"2010-07-03T16:47:03","guid":{"rendered":"http:\/\/www.jennyundmarcel.de\/wordpress\/?page_id=584"},"modified":"2023-01-10T11:41:32","modified_gmt":"2023-01-10T09:41:32","slug":"unser-haus","status":"publish","type":"page","link":"https:\/\/jennyundmarcel.de\/?page_id=584","title":{"rendered":"Unser Haus"},"content":{"rendered":"<p>Auf dieser Seite werden wir mal die eine oder andere Information zu unserem kleinen H\u00e4uschen f\u00fcr euch zusammenfassen. Wir bauen mit ProHaus ein sogenanntes &#8222;Best of ProFamily 125-1-1&#8220;.<\/p>\n<p>Unsere Baupl\u00e4ne:<\/p>\nngg_shortcode_0_placeholder\n<p>Und so sieht das H\u00e4uschen in der ProHaus Brosch\u00fcre aus:<\/p>\n<p style=\"text-align: center;\"><a href=\"https:\/\/jennyundmarcel.de\/wordpress\/?attachment_id=90\" rel=\"attachment wp-att-90\"><img loading=\"lazy\" decoding=\"async\" class=\"aligncenter size-full wp-image-90\" style=\"border: 0pt none;\" title=\"ProFamily124\" src=\"https:\/\/jennyundmarcel.de\/wordpress\/wp-content\/uploads\/2010\/03\/ProFamily124.jpg\" alt=\"ProFamily124\" width=\"465\" height=\"305\" srcset=\"https:\/\/jennyundmarcel.de\/wp-content\/uploads\/2010\/03\/ProFamily124.jpg 465w, https:\/\/jennyundmarcel.de\/wp-content\/uploads\/2010\/03\/ProFamily124-150x98.jpg 150w, https:\/\/jennyundmarcel.de\/wp-content\/uploads\/2010\/03\/ProFamily124-300x196.jpg 300w\" sizes=\"auto, (max-width: 465px) 100vw, 465px\" \/><\/a><\/p>\n<p style=\"text-align: left;\">Unser H\u00e4uschen wird die Garage auf der anderen Hausseite haben (und auch nicht die hier abgebildete Garagagendach-Variante). Der Klinker wird bis zum First hochgezogen. Au\u00dferdem fahren wir einen andersfarbigen Kombi von einen anderen \/ franz. Fahrzeughersteller&#8230; \ud83d\ude42<\/p>\n<p style=\"text-align: left;\">An dieser Stelle wollen wir noch einige &#8222;technische Details&#8220; zu unserem Haus preisgeben, da wir hier oft nach &#8222;Einzelteilen&#8220; gefragt werden:<\/p>\n<ul>\n<li>Klinker \/ Verblendstein: PRH 143<\/li>\n<li>Klinkerfugenfarbe: Grau<\/li>\n<li>Dachziegel: CREATON Futura, Farbe &#8222;NUANCE&#8220; Edel Engobiert &#8211; Collection, schwarz matt engobiert<\/li>\n<\/ul>\n<hr>\n<h1><strong><span style=\"color: #0000ff;\">Einige Hausbilder:<\/span><br \/>\n<\/strong><\/h1>\n<p style=\"text-align: left;\">Unser H\u00e4uschen am 21.11.2010:<\/p>\n<p style=\"text-align: left;\">ngg_shortcode_1_placeholder<\/p>\n<p style=\"text-align: left;\">Unser H\u00e4uschen am 17.02.2011:<\/p>\n<p style=\"text-align: center;\"><a href=\"https:\/\/jennyundmarcel.de\/wordpress\/?attachment_id=1893\" rel=\"attachment wp-att-1893\"><img loading=\"lazy\" decoding=\"async\" class=\"size-large wp-image-1893 aligncenter\" style=\"border: 0pt none;\" title=\"Unser Haus am 17.02.2011\" src=\"https:\/\/jennyundmarcel.de\/wordpress\/wp-content\/uploads\/2010\/07\/DSC00264-500x281.jpg\" alt=\"Unser Haus am 17.02.2011\" width=\"500\" height=\"281\" srcset=\"https:\/\/jennyundmarcel.de\/wp-content\/uploads\/2010\/07\/DSC00264-500x281.jpg 500w, https:\/\/jennyundmarcel.de\/wp-content\/uploads\/2010\/07\/DSC00264-150x84.jpg 150w, https:\/\/jennyundmarcel.de\/wp-content\/uploads\/2010\/07\/DSC00264-300x168.jpg 300w\" sizes=\"auto, (max-width: 500px) 100vw, 500px\" \/><\/a><\/p>\n<p style=\"text-align: left;\">Unser H\u00e4uschen am 18.04.2011:<\/p>\n<p style=\"text-align: left;\">ngg_shortcode_2_placeholder<\/p>\n<p style=\"text-align: left;\">Gartenansicht:<br \/>\n<a href=\"https:\/\/jennyundmarcel.de\/wordpress\/?attachment_id=2204\" rel=\"attachment wp-att-2204\"><img loading=\"lazy\" decoding=\"async\" class=\"aligncenter size-large wp-image-2204\" title=\"2011-04-18 Gartenansicht\" src=\"https:\/\/jennyundmarcel.de\/wordpress\/wp-content\/uploads\/2010\/07\/DSC00066-500x281.jpg\" alt=\"2011-04-18 Gartenansicht\" width=\"500\" height=\"281\" srcset=\"https:\/\/jennyundmarcel.de\/wp-content\/uploads\/2010\/07\/DSC00066-500x281.jpg 500w, https:\/\/jennyundmarcel.de\/wp-content\/uploads\/2010\/07\/DSC00066-150x84.jpg 150w, https:\/\/jennyundmarcel.de\/wp-content\/uploads\/2010\/07\/DSC00066-300x168.jpg 300w\" sizes=\"auto, (max-width: 500px) 100vw, 500px\" \/><\/a><\/p>\n<p style=\"text-align: left;\">Unser H\u00e4uschen am 08.07.2011:<\/p>\n<p><a href=\"https:\/\/jennyundmarcel.de\/wordpress\/?attachment_id=2480\" rel=\"attachment wp-att-2480\"><img loading=\"lazy\" decoding=\"async\" class=\"alignleft size-large wp-image-2480\" title=\"Unser Haus am 08.07.2011\" src=\"https:\/\/jennyundmarcel.de\/wordpress\/wp-content\/uploads\/2010\/07\/P1130758-500x375.jpg\" alt=\"Unser Haus am 08.07.2011\" width=\"500\" height=\"375\" srcset=\"https:\/\/jennyundmarcel.de\/wp-content\/uploads\/2010\/07\/P1130758-500x375.jpg 500w, https:\/\/jennyundmarcel.de\/wp-content\/uploads\/2010\/07\/P1130758-150x112.jpg 150w, https:\/\/jennyundmarcel.de\/wp-content\/uploads\/2010\/07\/P1130758-300x225.jpg 300w\" sizes=\"auto, (max-width: 500px) 100vw, 500px\" \/><\/a><\/p>\n<p>&nbsp;<\/p>\n<hr>\n<p style=\"text-align: left;\"><strong>Video vom Hausaufbau:<\/strong><\/p>\n<p style=\"text-align: left;\">Das Haus wird ausgepackt:<strong><br \/>\n<\/strong><\/p>\n<p style=\"text-align: left;\">YouTube: <a href=\"http:\/\/www.youtube.com\/watch?v=P9HetIKUAbQ\" target=\"_blank\" rel=\"noopener\">http:\/\/www.youtube.com\/watch?v=P9HetIKUAbQ<\/a><\/p>\n<p style=\"text-align: left;\">Und aufgebaut (Hausaufbau in Zeitraffer):<\/p>\n<p style=\"text-align: left;\">YouTube: <a href=\"http:\/\/www.youtube.com\/watch?v=ydhhLPRG0-M\" target=\"_blank\" rel=\"noopener\">http:\/\/www.youtube.com\/watch?v=ydhhLPRG0-M<\/a><\/p>\n","protected":false},"excerpt":{"rendered":"<p>Auf dieser Seite werden wir mal die eine oder andere Information zu unserem kleinen H\u00e4uschen f\u00fcr euch zusammenfassen. Wir bauen mit ProHaus ein sogenanntes &#8222;Best of ProFamily 125-1-1&#8220;. Unsere Baupl\u00e4ne: Und so sieht das H\u00e4uschen in der ProHaus Brosch\u00fcre aus: Unser H\u00e4uschen wird die Garage auf der anderen Hausseite haben (und auch nicht die hier [&hellip;]<\/p>\n","protected":false},"author":1,"featured_media":0,"parent":0,"menu_order":20,"comment_status":"open","ping_status":"closed","template":"","meta":{"ngg_post_thumbnail":0,"jetpack_post_was_ever_published":false,"footnotes":""},"class_list":["post-584","page","type-page","status-publish","hentry"],"jetpack_sharing_enabled":true,"jetpack_shortlink":"https:\/\/wp.me\/PRK4T-9q","_links":{"self":[{"href":"https:\/\/jennyundmarcel.de\/index.php?rest_route=\/wp\/v2\/pages\/584","targetHints":{"allow":["GET"]}}],"collection":[{"href":"https:\/\/jennyundmarcel.de\/index.php?rest_route=\/wp\/v2\/pages"}],"about":[{"href":"https:\/\/jennyundmarcel.de\/index.php?rest_route=\/wp\/v2\/types\/page"}],"author":[{"embeddable":true,"href":"https:\/\/jennyundmarcel.de\/index.php?rest_route=\/wp\/v2\/users\/1"}],"replies":[{"embeddable":true,"href":"https:\/\/jennyundmarcel.de\/index.php?rest_route=%2Fwp%2Fv2%2Fcomments&post=584"}],"version-history":[{"count":52,"href":"https:\/\/jennyundmarcel.de\/index.php?rest_route=\/wp\/v2\/pages\/584\/revisions"}],"predecessor-version":[{"id":3306,"href":"https:\/\/jennyundmarcel.de\/index.php?rest_route=\/wp\/v2\/pages\/584\/revisions\/3306"}],"wp:attachment":[{"href":"https:\/\/jennyundmarcel.de\/index.php?rest_route=%2Fwp%2Fv2%2Fmedia&parent=584"}],"curies":[{"name":"wp","href":"https:\/\/api.w.org\/{rel}","templated":true}]}}